{"id":463,"date":"2024-03-26T10:37:05","date_gmt":"2024-03-26T10:37:05","guid":{"rendered":"https:\/\/gestacarperitaciones.com\/?page_id=463"},"modified":"2025-08-20T11:11:04","modified_gmt":"2025-08-20T11:11:04","slug":"gestion-de-recambios","status":"publish","type":"page","link":"https:\/\/gestacarperitaciones.com\/index.php\/servicios\/gestion-de-recambios\/","title":{"rendered":"Gesti\u00f3n de Recambios"},"content":{"rendered":"\n<div class=\"wp-block-group\"><div class=\"wp-block-group__inner-container is-layout-constrained wp-block-group-is-layout-constrained\">\n<div class=\"wp-block-cover alignfull\" style=\"border-radius:0px;padding-top:0;padding-right:0;padding-bottom:0;padding-left:0;min-height:1091px;aspect-ratio:unset;\"><span aria-hidden=\"true\" class=\"wp-block-cover__background has-nv-light-bg-background-color has-background-dim-100 has-background-dim\"><\/span><div class=\"wp-block-cover__inner-container is-layout-flow wp-block-cover-is-layout-flow\">\n<div class=\"wp-block-group\"><div class=\"wp-block-group__inner-container is-layout-flow wp-block-group-is-layout-flow\">\n<div class=\"wp-block-group\"><div class=\"wp-block-group__inner-container is-layout-constrained wp-block-group-is-layout-constrained\">\n<div class=\"wp-block-columns are-vertically-aligned-center is-layout-flex wp-container-core-columns-is-layout-9d6595d7 wp-block-columns-is-layout-flex\">\n<div class=\"wp-block-column is-vertically-aligned-center is-layout-flow wp-block-column-is-layout-flow\">\n<h2 class=\"wp-block-heading has-text-align-center has-neve-text-color-color has-text-color has-link-color wp-elements-efabb0ca3947ef15142e27d60ed75f0e\">Gesti\u00f3n y Distribuci\u00f3n de Recambios<\/h2>\n\n\n\n<p class=\"has-nv-dark-bg-color has-text-color has-link-color wp-elements-6aef384df8d44dd08147f7d40b0592f0\" style=\"padding-top:0;padding-right:var(--wp--preset--spacing--80);padding-bottom:0;padding-left:var(--wp--preset--spacing--80);font-size:17px\">Gestacar colabora con una agrupaci\u00f3n de concesiones con una larga y contrastada experiencia en la venta externa de Recambio Original, agrupando a algunos de las m\u00e1s importantes concesiones de las principales marcas del pa\u00eds y siendo un grupo de trabajo pionero en la venta de recambio desde los centros de trabajo a toda la Pen\u00ednsula Ib\u00e9rica.<\/p>\n\n\n\n<p class=\"has-nv-dark-bg-color has-text-color has-link-color wp-elements-352dc511519bc777e73efdac37c0ff6e\" style=\"padding-top:0;padding-right:var(--wp--preset--spacing--80);padding-bottom:0;padding-left:var(--wp--preset--spacing--80);font-size:17px\">La <strong>ventaja<\/strong> competitiva que ofrece nuestra colaboraci\u00f3n es que adem\u00e1s de ofrecer tiempos reducidos de entrega en&nbsp;<strong>Recambio Original<\/strong>&nbsp;con <strong>descuentos altamente competitivos<\/strong> de pr\u00e1cticamente todas las marcas del parque automovil\u00edstico tambi\u00e9n transformamos la experiencia de adquisici\u00f3n de recambios con nuestro <strong>servicio integral y personalizado<\/strong>. Desde el momento en que realizas tu pedido hasta el seguimiento preciso de cada componente y la gesti\u00f3n transparente de la facturaci\u00f3n, nos encargamos de todo. Nuestro <strong>compromiso<\/strong> es ofrecerte una atenci\u00f3n al cliente inigualable, r\u00e1pida y eficiente, garantizando as\u00ed que puedas dedicar tu tiempo y energ\u00eda a lo que realmente importa.<\/p>\n\n\n\n<p class=\"has-nv-dark-bg-color has-text-color has-link-color wp-elements-cd98fc5202cd8d4ee073845c7270e83f\" style=\"padding-top:0;padding-right:var(--wp--preset--spacing--80);padding-bottom:0;padding-left:var(--wp--preset--spacing--80);font-size:17px\"><strong>Rent a cars<\/strong>, <strong>Aseguradoras<\/strong>, <strong>Macrotalleres<\/strong> y <strong>Grupos de Automoci\u00f3n<\/strong> ya se han olvidado de las complicaciones y han descubierto la <strong>tranquilidad<\/strong> de saber que cada detalle est\u00e1 siendo manejado por <strong>expertos <\/strong>y<strong> profesionales<\/strong> dedicados a tu satisfacci\u00f3n.<\/p>\n\n\n\n<div class=\"wp-block-group is-content-justification-center is-nowrap is-layout-flex wp-container-core-group-is-layout-94bc23d7 wp-block-group-is-layout-flex\">\n<figure class=\"wp-block-image size-large is-resized\"><img fetchpriority=\"high\" decoding=\"async\" width=\"1024\" height=\"908\" src=\"https:\/\/gestacarperitaciones.com\/wp-content\/uploads\/2024\/04\/recambios-logos-1-1-1024x908.png\" alt=\"\" class=\"wp-image-636\" style=\"width:488px;height:auto\" srcset=\"https:\/\/gestacarperitaciones.com\/wp-content\/uploads\/2024\/04\/recambios-logos-1-1-1024x908.png 1024w, https:\/\/gestacarperitaciones.com\/wp-content\/uploads\/2024\/04\/recambios-logos-1-1-300x266.png 300w, https:\/\/gestacarperitaciones.com\/wp-content\/uploads\/2024\/04\/recambios-logos-1-1-768x681.png 768w, https:\/\/gestacarperitaciones.com\/wp-content\/uploads\/2024\/04\/recambios-logos-1-1.png 1090w\" sizes=\"(max-width: 1024px) 100vw, 1024px\" \/><\/figure>\n\n\n\n<div id=\"wp-block-themeisle-blocks-icon-list-053e2fed\" class=\"wp-block-themeisle-blocks-icon-list\">\n<div id=\"wp-block-themeisle-blocks-icon-list-item-c0cb121e\" class=\"wp-block-themeisle-blocks-icon-list-item\"><i class=\"fas fa-check wp-block-themeisle-blocks-icon-list-item-icon-custom\"><\/i><p class=\"wp-block-themeisle-blocks-icon-list-item-content-custom\"><strong>Grandes descuentos<\/strong><\/p><\/div>\n\n\n\n<div id=\"wp-block-themeisle-blocks-icon-list-item-b87bdd6a\" class=\"wp-block-themeisle-blocks-icon-list-item\"><i class=\"fas fa-check wp-block-themeisle-blocks-icon-list-item-icon-custom\"><\/i><p class=\"wp-block-themeisle-blocks-icon-list-item-content-custom\"><strong>Plazo de entrega reducidos<\/strong><\/p><\/div>\n\n\n\n<div id=\"wp-block-themeisle-blocks-icon-list-item-ea9ef3c0\" class=\"wp-block-themeisle-blocks-icon-list-item\"><i class=\"fas fa-check wp-block-themeisle-blocks-icon-list-item-icon-custom\"><\/i><p class=\"wp-block-themeisle-blocks-icon-list-item-content-custom\"><strong>Canales de comunicaci\u00f3n unificados<\/strong><\/p><\/div>\n\n\n\n<div id=\"wp-block-themeisle-blocks-icon-list-item-58e63053\" class=\"wp-block-themeisle-blocks-icon-list-item\"><i class=\"fas fa-check wp-block-themeisle-blocks-icon-list-item-icon-custom\"><\/i><p class=\"wp-block-themeisle-blocks-icon-list-item-content-custom\"><strong>Profesionales expertos en recambios<\/strong><\/p><\/div>\n\n\n\n<div id=\"wp-block-themeisle-blocks-icon-list-item-622f9e6e\" class=\"wp-block-themeisle-blocks-icon-list-item\"><i class=\"fas fa-check wp-block-themeisle-blocks-icon-list-item-icon-custom\"><\/i><p class=\"wp-block-themeisle-blocks-icon-list-item-content-custom\"><strong>Trazabilidad, control y seguimiento del recambio<\/strong><\/p><\/div>\n\n\n\n<div id=\"wp-block-themeisle-blocks-icon-list-item-776655a6\" class=\"wp-block-themeisle-blocks-icon-list-item\"><i class=\"fas fa-check wp-block-themeisle-blocks-icon-list-item-icon-custom\"><\/i><p class=\"wp-block-themeisle-blocks-icon-list-item-content-custom\"><strong>Gesti\u00f3n y control de facturaci\u00f3n<\/strong><\/p><\/div>\n\n\n\n<div id=\"wp-block-themeisle-blocks-icon-list-item-251caaf9\" class=\"wp-block-themeisle-blocks-icon-list-item\"><i class=\"fas fa-check wp-block-themeisle-blocks-icon-list-item-icon-custom\"><\/i><p class=\"wp-block-themeisle-blocks-icon-list-item-content-custom\"><strong>Atenci\u00f3n y soporte al cliente con rapidez y eficacia<\/strong><\/p><\/div>\n<\/div>\n<\/div>\n<\/div>\n<\/div>\n<\/div><\/div>\n<\/div><\/div>\n<\/div><\/div>\n\n\n\n<div class=\"wp-block-cover alignfull\" style=\"min-height:300px;aspect-ratio:unset;\"><span aria-hidden=\"true\" class=\"wp-block-cover__background has-nv-dark-bg-background-color has-background-dim-100 has-background-dim\"><\/span><div class=\"wp-block-cover__inner-container is-layout-flow wp-block-cover-is-layout-flow\">\n<div style=\"height:6px\" aria-hidden=\"true\" class=\"wp-block-spacer\"><\/div>\n\n\n\n<h2 class=\"wp-block-heading has-text-align-center has-nv-text-dark-bg-color has-text-color\">\u00bfHablamos?<\/h2>\n\n\n\n<p class=\"has-text-align-center\"><\/p>\n\n\n\n<div class=\"wp-block-buttons is-horizontal is-content-justification-center is-layout-flex wp-container-core-buttons-is-layout-499968f5 wp-block-buttons-is-layout-flex\">\n<div class=\"wp-block-button\"><a class=\"wp-block-button__link has-background wp-element-button\" href=\"https:\/\/gestacarperitaciones.com\/index.php\/contacto\/\" style=\"border-width:2px;border-radius:5px;background-color:#3babfa\">CONTACTAR<\/a><\/div>\n<\/div>\n\n\n\n<div style=\"height:5px\" aria-hidden=\"true\" class=\"wp-block-spacer\"><\/div>\n<\/div><\/div>\n<\/div><\/div>\n\n\n\n<p><\/p>\n","protected":false},"excerpt":{"rendered":"","protected":false},"author":2,"featured_media":0,"parent":69,"menu_order":0,"comment_status":"closed","ping_status":"closed","template":"page-templates\/template-pagebuilder-full-width.php","meta":{"neve_meta_sidebar":"","neve_meta_container":"","neve_meta_enable_content_width":"","neve_meta_content_width":0,"neve_meta_title_alignment":"","neve_meta_author_avatar":"","neve_post_elements_order":"","neve_meta_disable_header":"","neve_meta_disable_footer":"","neve_meta_disable_title":"","_themeisle_gutenberg_block_has_review":false,"_ti_tpc_template_sync":false,"_ti_tpc_template_id":"","footnotes":""},"class_list":["post-463","page","type-page","status-publish","hentry"],"yoast_head":"<!-- This site is optimized with the Yoast SEO plugin v22.3 - https:\/\/yoast.com\/wordpress\/plugins\/seo\/ -->\n<title>Gesti\u00f3n de Recambios - Gestacar Peritaciones<\/title>\n<meta name=\"description\" content=\"\u00a0Recambio Original\u00a0con descuentos altamente competitivos con nuestro servicio integral personalizado. Tranquilidad y satisfacci\u00f3n.\" \/>\n<meta name=\"robots\" content=\"index, follow, max-snippet:-1, max-image-preview:large, max-video-preview:-1\" \/>\n<link rel=\"canonical\" href=\"https:\/\/gestacarperitaciones.com\/index.php\/servicios\/gestion-de-recambios\/\" \/>\n<meta property=\"og:locale\" content=\"es_ES\" \/>\n<meta property=\"og:type\" content=\"article\" \/>\n<meta property=\"og:title\" content=\"Gesti\u00f3n de Recambios - Gestacar Peritaciones\" \/>\n<meta property=\"og:description\" content=\"\u00a0Recambio Original\u00a0con descuentos altamente competitivos con nuestro servicio integral personalizado. Tranquilidad y satisfacci\u00f3n.\" \/>\n<meta property=\"og:url\" content=\"https:\/\/gestacarperitaciones.com\/index.php\/servicios\/gestion-de-recambios\/\" \/>\n<meta property=\"og:site_name\" content=\"Gestacar Peritaciones\" \/>\n<meta property=\"article:modified_time\" content=\"2025-08-20T11:11:04+00:00\" \/>\n<meta property=\"og:image\" content=\"https:\/\/gestacarperitaciones.com\/wp-content\/uploads\/2024\/04\/recambios-logos-1-1-1024x908.png\" \/>\n<meta name=\"twitter:card\" content=\"summary_large_image\" \/>\n<meta name=\"twitter:label1\" content=\"Tiempo de lectura\" \/>\n\t<meta name=\"twitter:data1\" content=\"2 minutos\" \/>\n<script type=\"application\/ld+json\" class=\"yoast-schema-graph\">{\"@context\":\"https:\/\/schema.org\",\"@graph\":[{\"@type\":\"WebPage\",\"@id\":\"https:\/\/gestacarperitaciones.com\/index.php\/servicios\/gestion-de-recambios\/\",\"url\":\"https:\/\/gestacarperitaciones.com\/index.php\/servicios\/gestion-de-recambios\/\",\"name\":\"Gesti\u00f3n de Recambios - Gestacar Peritaciones\",\"isPartOf\":{\"@id\":\"https:\/\/gestacarperitaciones.com\/#website\"},\"primaryImageOfPage\":{\"@id\":\"https:\/\/gestacarperitaciones.com\/index.php\/servicios\/gestion-de-recambios\/#primaryimage\"},\"image\":{\"@id\":\"https:\/\/gestacarperitaciones.com\/index.php\/servicios\/gestion-de-recambios\/#primaryimage\"},\"thumbnailUrl\":\"https:\/\/gestacarperitaciones.com\/wp-content\/uploads\/2024\/04\/recambios-logos-1-1-1024x908.png\",\"datePublished\":\"2024-03-26T10:37:05+00:00\",\"dateModified\":\"2025-08-20T11:11:04+00:00\",\"description\":\"\u00a0Recambio Original\u00a0con descuentos altamente competitivos con nuestro servicio integral personalizado. Tranquilidad y satisfacci\u00f3n.\",\"breadcrumb\":{\"@id\":\"https:\/\/gestacarperitaciones.com\/index.php\/servicios\/gestion-de-recambios\/#breadcrumb\"},\"inLanguage\":\"es\",\"potentialAction\":[{\"@type\":\"ReadAction\",\"target\":[\"https:\/\/gestacarperitaciones.com\/index.php\/servicios\/gestion-de-recambios\/\"]}]},{\"@type\":\"ImageObject\",\"inLanguage\":\"es\",\"@id\":\"https:\/\/gestacarperitaciones.com\/index.php\/servicios\/gestion-de-recambios\/#primaryimage\",\"url\":\"https:\/\/gestacarperitaciones.com\/wp-content\/uploads\/2024\/04\/recambios-logos-1-1.png\",\"contentUrl\":\"https:\/\/gestacarperitaciones.com\/wp-content\/uploads\/2024\/04\/recambios-logos-1-1.png\",\"width\":1090,\"height\":967},{\"@type\":\"BreadcrumbList\",\"@id\":\"https:\/\/gestacarperitaciones.com\/index.php\/servicios\/gestion-de-recambios\/#breadcrumb\",\"itemListElement\":[{\"@type\":\"ListItem\",\"position\":1,\"name\":\"Portada\",\"item\":\"https:\/\/gestacarperitaciones.com\/\"},{\"@type\":\"ListItem\",\"position\":2,\"name\":\"Servicios\",\"item\":\"https:\/\/gestacarperitaciones.com\/index.php\/servicios\/\"},{\"@type\":\"ListItem\",\"position\":3,\"name\":\"Gesti\u00f3n de Recambios\"}]},{\"@type\":\"WebSite\",\"@id\":\"https:\/\/gestacarperitaciones.com\/#website\",\"url\":\"https:\/\/gestacarperitaciones.com\/\",\"name\":\"Gestacar Peritaciones\",\"description\":\"Gestacar Peritaciones\",\"publisher\":{\"@id\":\"https:\/\/gestacarperitaciones.com\/#organization\"},\"potentialAction\":[{\"@type\":\"SearchAction\",\"target\":{\"@type\":\"EntryPoint\",\"urlTemplate\":\"https:\/\/gestacarperitaciones.com\/?s={search_term_string}\"},\"query-input\":\"required name=search_term_string\"}],\"inLanguage\":\"es\"},{\"@type\":\"Organization\",\"@id\":\"https:\/\/gestacarperitaciones.com\/#organization\",\"name\":\"Gestacar Peritaciones\",\"url\":\"https:\/\/gestacarperitaciones.com\/\",\"logo\":{\"@type\":\"ImageObject\",\"inLanguage\":\"es\",\"@id\":\"https:\/\/gestacarperitaciones.com\/#\/schema\/logo\/image\/\",\"url\":\"https:\/\/gestacarperitaciones.com\/wp-content\/uploads\/2024\/03\/cropped-LOGO_GESTACAR_DEFINITIVO-negro-sin-fondo.png\",\"contentUrl\":\"https:\/\/gestacarperitaciones.com\/wp-content\/uploads\/2024\/03\/cropped-LOGO_GESTACAR_DEFINITIVO-negro-sin-fondo.png\",\"width\":1079,\"height\":359,\"caption\":\"Gestacar Peritaciones\"},\"image\":{\"@id\":\"https:\/\/gestacarperitaciones.com\/#\/schema\/logo\/image\/\"}}]}<\/script>\n<!-- \/ Yoast SEO plugin. -->","yoast_head_json":{"title":"Gesti\u00f3n de Recambios - Gestacar Peritaciones","description":"\u00a0Recambio Original\u00a0con descuentos altamente competitivos con nuestro servicio integral personalizado. Tranquilidad y satisfacci\u00f3n.","robots":{"index":"index","follow":"follow","max-snippet":"max-snippet:-1","max-image-preview":"max-image-preview:large","max-video-preview":"max-video-preview:-1"},"canonical":"https:\/\/gestacarperitaciones.com\/index.php\/servicios\/gestion-de-recambios\/","og_locale":"es_ES","og_type":"article","og_title":"Gesti\u00f3n de Recambios - Gestacar Peritaciones","og_description":"\u00a0Recambio Original\u00a0con descuentos altamente competitivos con nuestro servicio integral personalizado. Tranquilidad y satisfacci\u00f3n.","og_url":"https:\/\/gestacarperitaciones.com\/index.php\/servicios\/gestion-de-recambios\/","og_site_name":"Gestacar Peritaciones","article_modified_time":"2025-08-20T11:11:04+00:00","og_image":[{"url":"https:\/\/gestacarperitaciones.com\/wp-content\/uploads\/2024\/04\/recambios-logos-1-1-1024x908.png"}],"twitter_card":"summary_large_image","twitter_misc":{"Tiempo de lectura":"2 minutos"},"schema":{"@context":"https:\/\/schema.org","@graph":[{"@type":"WebPage","@id":"https:\/\/gestacarperitaciones.com\/index.php\/servicios\/gestion-de-recambios\/","url":"https:\/\/gestacarperitaciones.com\/index.php\/servicios\/gestion-de-recambios\/","name":"Gesti\u00f3n de Recambios - Gestacar Peritaciones","isPartOf":{"@id":"https:\/\/gestacarperitaciones.com\/#website"},"primaryImageOfPage":{"@id":"https:\/\/gestacarperitaciones.com\/index.php\/servicios\/gestion-de-recambios\/#primaryimage"},"image":{"@id":"https:\/\/gestacarperitaciones.com\/index.php\/servicios\/gestion-de-recambios\/#primaryimage"},"thumbnailUrl":"https:\/\/gestacarperitaciones.com\/wp-content\/uploads\/2024\/04\/recambios-logos-1-1-1024x908.png","datePublished":"2024-03-26T10:37:05+00:00","dateModified":"2025-08-20T11:11:04+00:00","description":"\u00a0Recambio Original\u00a0con descuentos altamente competitivos con nuestro servicio integral personalizado. Tranquilidad y satisfacci\u00f3n.","breadcrumb":{"@id":"https:\/\/gestacarperitaciones.com\/index.php\/servicios\/gestion-de-recambios\/#breadcrumb"},"inLanguage":"es","potentialAction":[{"@type":"ReadAction","target":["https:\/\/gestacarperitaciones.com\/index.php\/servicios\/gestion-de-recambios\/"]}]},{"@type":"ImageObject","inLanguage":"es","@id":"https:\/\/gestacarperitaciones.com\/index.php\/servicios\/gestion-de-recambios\/#primaryimage","url":"https:\/\/gestacarperitaciones.com\/wp-content\/uploads\/2024\/04\/recambios-logos-1-1.png","contentUrl":"https:\/\/gestacarperitaciones.com\/wp-content\/uploads\/2024\/04\/recambios-logos-1-1.png","width":1090,"height":967},{"@type":"BreadcrumbList","@id":"https:\/\/gestacarperitaciones.com\/index.php\/servicios\/gestion-de-recambios\/#breadcrumb","itemListElement":[{"@type":"ListItem","position":1,"name":"Portada","item":"https:\/\/gestacarperitaciones.com\/"},{"@type":"ListItem","position":2,"name":"Servicios","item":"https:\/\/gestacarperitaciones.com\/index.php\/servicios\/"},{"@type":"ListItem","position":3,"name":"Gesti\u00f3n de Recambios"}]},{"@type":"WebSite","@id":"https:\/\/gestacarperitaciones.com\/#website","url":"https:\/\/gestacarperitaciones.com\/","name":"Gestacar Peritaciones","description":"Gestacar Peritaciones","publisher":{"@id":"https:\/\/gestacarperitaciones.com\/#organization"},"potentialAction":[{"@type":"SearchAction","target":{"@type":"EntryPoint","urlTemplate":"https:\/\/gestacarperitaciones.com\/?s={search_term_string}"},"query-input":"required name=search_term_string"}],"inLanguage":"es"},{"@type":"Organization","@id":"https:\/\/gestacarperitaciones.com\/#organization","name":"Gestacar Peritaciones","url":"https:\/\/gestacarperitaciones.com\/","logo":{"@type":"ImageObject","inLanguage":"es","@id":"https:\/\/gestacarperitaciones.com\/#\/schema\/logo\/image\/","url":"https:\/\/gestacarperitaciones.com\/wp-content\/uploads\/2024\/03\/cropped-LOGO_GESTACAR_DEFINITIVO-negro-sin-fondo.png","contentUrl":"https:\/\/gestacarperitaciones.com\/wp-content\/uploads\/2024\/03\/cropped-LOGO_GESTACAR_DEFINITIVO-negro-sin-fondo.png","width":1079,"height":359,"caption":"Gestacar Peritaciones"},"image":{"@id":"https:\/\/gestacarperitaciones.com\/#\/schema\/logo\/image\/"}}]}},"_links":{"self":[{"href":"https:\/\/gestacarperitaciones.com\/index.php\/wp-json\/wp\/v2\/pages\/463","targetHints":{"allow":["GET"]}}],"collection":[{"href":"https:\/\/gestacarperitaciones.com\/index.php\/wp-json\/wp\/v2\/pages"}],"about":[{"href":"https:\/\/gestacarperitaciones.com\/index.php\/wp-json\/wp\/v2\/types\/page"}],"author":[{"embeddable":true,"href":"https:\/\/gestacarperitaciones.com\/index.php\/wp-json\/wp\/v2\/users\/2"}],"replies":[{"embeddable":true,"href":"https:\/\/gestacarperitaciones.com\/index.php\/wp-json\/wp\/v2\/comments?post=463"}],"version-history":[{"count":28,"href":"https:\/\/gestacarperitaciones.com\/index.php\/wp-json\/wp\/v2\/pages\/463\/revisions"}],"predecessor-version":[{"id":973,"href":"https:\/\/gestacarperitaciones.com\/index.php\/wp-json\/wp\/v2\/pages\/463\/revisions\/973"}],"up":[{"embeddable":true,"href":"https:\/\/gestacarperitaciones.com\/index.php\/wp-json\/wp\/v2\/pages\/69"}],"wp:attachment":[{"href":"https:\/\/gestacarperitaciones.com\/index.php\/wp-json\/wp\/v2\/media?parent=463"}],"curies":[{"name":"wp","href":"https:\/\/api.w.org\/{rel}","templated":true}]}}