{"id":473,"date":"2024-03-26T10:50:41","date_gmt":"2024-03-26T10:50:41","guid":{"rendered":"https:\/\/gestacarperitaciones.com\/?page_id=473"},"modified":"2025-08-20T11:11:39","modified_gmt":"2025-08-20T11:11:39","slug":"gestion-de-flotas","status":"publish","type":"page","link":"https:\/\/gestacarperitaciones.com\/index.php\/gestion-de-flotas\/","title":{"rendered":"Gesti\u00f3n de Flotas"},"content":{"rendered":"\n<div class=\"wp-block-group\"><div class=\"wp-block-group__inner-container is-layout-constrained wp-block-group-is-layout-constrained\">\n<div class=\"wp-block-cover alignfull\" style=\"border-radius:0px;padding-top:0;padding-right:0;padding-bottom:0;padding-left:0;min-height:939px;aspect-ratio:unset;\"><span aria-hidden=\"true\" class=\"wp-block-cover__background has-nv-light-bg-background-color has-background-dim-100 has-background-dim\"><\/span><div class=\"wp-block-cover__inner-container is-layout-flow wp-block-cover-is-layout-flow\">\n<div class=\"wp-block-group\"><div class=\"wp-block-group__inner-container is-layout-flow wp-block-group-is-layout-flow\">\n<div class=\"wp-block-group\"><div class=\"wp-block-group__inner-container is-layout-constrained wp-block-group-is-layout-constrained\">\n<div class=\"wp-block-columns is-layout-flex wp-container-core-columns-is-layout-9d6595d7 wp-block-columns-is-layout-flex\">\n<div class=\"wp-block-column is-layout-flow wp-block-column-is-layout-flow\">\n<h2 class=\"wp-block-heading has-text-align-center has-neve-text-color-color has-text-color has-link-color wp-elements-c6aa0ed0008f780fdae221073d2556a4\">Gesti\u00f3n de Flotas<\/h2>\n\n\n\n<p class=\"has-nv-dark-bg-color has-text-color has-link-color wp-elements-3ee06ccbba4095742985c191d9d4ecb9\" style=\"padding-top:0;padding-right:var(--wp--preset--spacing--80);padding-bottom:0;padding-left:var(--wp--preset--spacing--80);font-size:17px\">Gestacar ofrece soluciones y servicios de gesti\u00f3n de veh\u00edculos y flotas, adapt\u00e1ndose a las tendencias actuales de movilidad y econom\u00eda colaborativa, enfoc\u00e1ndose en ofrecer una atenci\u00f3n al cliente r\u00e1pida y personalizada. Estamos comprometidos con las nuevas tecnolog\u00edas avanzadas como inteligencia artificial y estamos en constante evoluci\u00f3n con el fin de mejorar los procesos de nuestros clientes. Ofrecemos apoyo mediante nuestros servicios dise\u00f1ados para ayudar a fabricantes, rent a cars, gestores de flotas y otros actores del sector, optimizando eficiencia operativa y la recomercializaci\u00f3n. Nuestro objetivo colaborar en el crecimiento de nuestros clientes, proporcionando soluciones \u00e1giles y flexibles que mejoren la satisfacci\u00f3n estableciendo relaciones a largo plazo. Gestacar se establece como un socio de confianza en el sector de la movilidad, comprometido con la excelencia y el apoyo al \u00e9xito de nuestros clientes.<\/p>\n\n\n\n<p><\/p>\n\n\n\n<div class=\"wp-block-group is-content-justification-center is-nowrap is-layout-flex wp-container-core-group-is-layout-94bc23d7 wp-block-group-is-layout-flex\">\n<figure class=\"wp-block-image size-full is-resized\"><img fetchpriority=\"high\" decoding=\"async\" width=\"667\" height=\"750\" src=\"https:\/\/gestacarperitaciones.com\/wp-content\/uploads\/2024\/04\/campa-1-1.jpg\" alt=\"\" class=\"wp-image-656\" style=\"width:403px;height:auto\" srcset=\"https:\/\/gestacarperitaciones.com\/wp-content\/uploads\/2024\/04\/campa-1-1.jpg 667w, https:\/\/gestacarperitaciones.com\/wp-content\/uploads\/2024\/04\/campa-1-1-267x300.jpg 267w\" sizes=\"(max-width: 667px) 100vw, 667px\" \/><\/figure>\n\n\n\n<div id=\"wp-block-themeisle-blocks-icon-list-053e2fed\" class=\"wp-block-themeisle-blocks-icon-list\">\n<div id=\"wp-block-themeisle-blocks-icon-list-item-c0cb121e\" class=\"wp-block-themeisle-blocks-icon-list-item\"><i class=\"fas fa-check wp-block-themeisle-blocks-icon-list-item-icon-custom\"><\/i><p class=\"wp-block-themeisle-blocks-icon-list-item-content-custom\"><strong>Gesti\u00f3n de reparaciones personalizada y an\u00e1lisis de necesidades especificas<\/strong><\/p><\/div>\n\n\n\n<div id=\"wp-block-themeisle-blocks-icon-list-item-b87bdd6a\" class=\"wp-block-themeisle-blocks-icon-list-item\"><i class=\"fas fa-check wp-block-themeisle-blocks-icon-list-item-icon-custom\"><\/i><p class=\"wp-block-themeisle-blocks-icon-list-item-content-custom\"><strong>Realizaci\u00f3n de ordenes y presupuestos de reparaci\u00f3n<\/strong><\/p><\/div>\n\n\n\n<div id=\"wp-block-themeisle-blocks-icon-list-item-ea9ef3c0\" class=\"wp-block-themeisle-blocks-icon-list-item\"><i class=\"fas fa-check wp-block-themeisle-blocks-icon-list-item-icon-custom\"><\/i><p class=\"wp-block-themeisle-blocks-icon-list-item-content-custom\"><strong>Gesti\u00f3n y coordinaci\u00f3n de proveedores de reparaci\u00f3n<\/strong><\/p><\/div>\n\n\n\n<div id=\"wp-block-themeisle-blocks-icon-list-item-58e63053\" class=\"wp-block-themeisle-blocks-icon-list-item\"><i class=\"fas fa-check wp-block-themeisle-blocks-icon-list-item-icon-custom\"><\/i><p class=\"wp-block-themeisle-blocks-icon-list-item-content-custom\"><strong>Control y monitorizaci\u00f3n de tiempos de reparaci\u00f3n y volumen de veh\u00edculos en taller<\/strong><\/p><\/div>\n\n\n\n<div id=\"wp-block-themeisle-blocks-icon-list-item-622f9e6e\" class=\"wp-block-themeisle-blocks-icon-list-item\"><i class=\"fas fa-check wp-block-themeisle-blocks-icon-list-item-icon-custom\"><\/i><p class=\"wp-block-themeisle-blocks-icon-list-item-content-custom\"><strong>Validaci\u00f3n de reacondicionamientos y control de calidad de reparaciones<\/strong><\/p><\/div>\n\n\n\n<div id=\"wp-block-themeisle-blocks-icon-list-item-776655a6\" class=\"wp-block-themeisle-blocks-icon-list-item\"><i class=\"fas fa-check wp-block-themeisle-blocks-icon-list-item-icon-custom\"><\/i><p class=\"wp-block-themeisle-blocks-icon-list-item-content-custom\"><strong>Controles y auditorias a los servicios de proveedores<\/strong><\/p><\/div>\n\n\n\n<div id=\"wp-block-themeisle-blocks-icon-list-item-251caaf9\" class=\"wp-block-themeisle-blocks-icon-list-item\"><i class=\"fas fa-check wp-block-themeisle-blocks-icon-list-item-icon-custom\"><\/i><p class=\"wp-block-themeisle-blocks-icon-list-item-content-custom\"><strong>Optimizacion de procesos, reduccion de costes y plazos<\/strong><\/p><\/div>\n\n\n\n<div id=\"wp-block-themeisle-blocks-icon-list-item-885a0d6b\" class=\"wp-block-themeisle-blocks-icon-list-item\"><i class=\"fas fa-check wp-block-themeisle-blocks-icon-list-item-icon-custom\"><\/i><p class=\"wp-block-themeisle-blocks-icon-list-item-content-custom\"><strong>Profesionales t\u00e9cnicos y administrativos en especializados en gesti\u00f3n de flotas<\/strong><\/p><\/div>\n\n\n\n<div id=\"wp-block-themeisle-blocks-icon-list-item-5323ea70\" class=\"wp-block-themeisle-blocks-icon-list-item\"><i class=\"fas fa-check wp-block-themeisle-blocks-icon-list-item-icon-custom\"><\/i><p class=\"wp-block-themeisle-blocks-icon-list-item-content-custom\"><strong>Servicios de Consultor\u00eda y asesoramiento en Automoci\u00f3n para empresas <\/strong><\/p><\/div>\n<\/div>\n<\/div>\n<\/div>\n<\/div>\n<\/div><\/div>\n<\/div><\/div>\n<\/div><\/div>\n\n\n\n<div class=\"wp-block-cover alignfull\" style=\"min-height:322px;aspect-ratio:unset;\"><span aria-hidden=\"true\" class=\"wp-block-cover__background has-nv-dark-bg-background-color has-background-dim-100 has-background-dim\"><\/span><div class=\"wp-block-cover__inner-container is-layout-flow wp-block-cover-is-layout-flow\">\n<div style=\"height:6px\" aria-hidden=\"true\" class=\"wp-block-spacer\"><\/div>\n\n\n\n<h2 class=\"wp-block-heading has-text-align-center has-nv-text-dark-bg-color has-text-color\">\u00bfHablamos?<\/h2>\n\n\n\n<p class=\"has-text-align-center\"><\/p>\n\n\n\n<div class=\"wp-block-buttons is-horizontal is-content-justification-center is-layout-flex wp-container-core-buttons-is-layout-499968f5 wp-block-buttons-is-layout-flex\">\n<div class=\"wp-block-button\"><a class=\"wp-block-button__link has-background wp-element-button\" href=\"https:\/\/gestacarperitaciones.com\/index.php\/contacto\/\" style=\"border-width:2px;border-radius:5px;background-color:#3babfa\">CONTACTAR<\/a><\/div>\n<\/div>\n\n\n\n<div style=\"height:5px\" aria-hidden=\"true\" class=\"wp-block-spacer\"><\/div>\n<\/div><\/div>\n\n\n\n<h2 class=\"wp-block-heading has-text-align-center\"><\/h2>\n<\/div><\/div>\n","protected":false},"excerpt":{"rendered":"","protected":false},"author":2,"featured_media":0,"parent":0,"menu_order":0,"comment_status":"closed","ping_status":"closed","template":"page-templates\/template-pagebuilder-full-width.php","meta":{"neve_meta_sidebar":"","neve_meta_container":"","neve_meta_enable_content_width":"","neve_meta_content_width":0,"neve_meta_title_alignment":"","neve_meta_author_avatar":"","neve_post_elements_order":"","neve_meta_disable_header":"","neve_meta_disable_footer":"","neve_meta_disable_title":"","_themeisle_gutenberg_block_has_review":false,"_ti_tpc_template_sync":false,"_ti_tpc_template_id":"","footnotes":""},"class_list":["post-473","page","type-page","status-publish","hentry"],"yoast_head":"<!-- This site is optimized with the Yoast SEO plugin v22.3 - https:\/\/yoast.com\/wordpress\/plugins\/seo\/ -->\n<title>Gesti\u00f3n de Flotas - Gestacar Peritaciones<\/title>\n<meta name=\"description\" content=\"Gestacar ofrece soluciones y servicios de gesti\u00f3n de veh\u00edculos y flotas, adapt\u00e1ndose a las tendencias actuales de movilidad y econom\u00eda colaborativa, enfoc\u00e1ndose en ofrecer una atenci\u00f3n al cliente r\u00e1pida y personalizada.\" \/>\n<meta name=\"robots\" content=\"index, follow, max-snippet:-1, max-image-preview:large, max-video-preview:-1\" \/>\n<link rel=\"canonical\" href=\"https:\/\/gestacarperitaciones.com\/index.php\/gestion-de-flotas\/\" \/>\n<meta property=\"og:locale\" content=\"es_ES\" \/>\n<meta property=\"og:type\" content=\"article\" \/>\n<meta property=\"og:title\" content=\"Gesti\u00f3n de Flotas - Gestacar Peritaciones\" \/>\n<meta property=\"og:description\" content=\"Gestacar ofrece soluciones y servicios de gesti\u00f3n de veh\u00edculos y flotas, adapt\u00e1ndose a las tendencias actuales de movilidad y econom\u00eda colaborativa, enfoc\u00e1ndose en ofrecer una atenci\u00f3n al cliente r\u00e1pida y personalizada.\" \/>\n<meta property=\"og:url\" content=\"https:\/\/gestacarperitaciones.com\/index.php\/gestion-de-flotas\/\" \/>\n<meta property=\"og:site_name\" content=\"Gestacar Peritaciones\" \/>\n<meta property=\"article:modified_time\" content=\"2025-08-20T11:11:39+00:00\" \/>\n<meta property=\"og:image\" content=\"https:\/\/gestacarperitaciones.com\/wp-content\/uploads\/2024\/04\/campa-1-1.jpg\" \/>\n<meta name=\"twitter:card\" content=\"summary_large_image\" \/>\n<meta name=\"twitter:label1\" content=\"Tiempo de lectura\" \/>\n\t<meta name=\"twitter:data1\" content=\"2 minutos\" \/>\n<script type=\"application\/ld+json\" class=\"yoast-schema-graph\">{\"@context\":\"https:\/\/schema.org\",\"@graph\":[{\"@type\":\"WebPage\",\"@id\":\"https:\/\/gestacarperitaciones.com\/index.php\/gestion-de-flotas\/\",\"url\":\"https:\/\/gestacarperitaciones.com\/index.php\/gestion-de-flotas\/\",\"name\":\"Gesti\u00f3n de Flotas - Gestacar Peritaciones\",\"isPartOf\":{\"@id\":\"https:\/\/gestacarperitaciones.com\/#website\"},\"primaryImageOfPage\":{\"@id\":\"https:\/\/gestacarperitaciones.com\/index.php\/gestion-de-flotas\/#primaryimage\"},\"image\":{\"@id\":\"https:\/\/gestacarperitaciones.com\/index.php\/gestion-de-flotas\/#primaryimage\"},\"thumbnailUrl\":\"https:\/\/gestacarperitaciones.com\/wp-content\/uploads\/2024\/04\/campa-1-1.jpg\",\"datePublished\":\"2024-03-26T10:50:41+00:00\",\"dateModified\":\"2025-08-20T11:11:39+00:00\",\"description\":\"Gestacar ofrece soluciones y servicios de gesti\u00f3n de veh\u00edculos y flotas, adapt\u00e1ndose a las tendencias actuales de movilidad y econom\u00eda colaborativa, enfoc\u00e1ndose en ofrecer una atenci\u00f3n al cliente r\u00e1pida y personalizada.\",\"breadcrumb\":{\"@id\":\"https:\/\/gestacarperitaciones.com\/index.php\/gestion-de-flotas\/#breadcrumb\"},\"inLanguage\":\"es\",\"potentialAction\":[{\"@type\":\"ReadAction\",\"target\":[\"https:\/\/gestacarperitaciones.com\/index.php\/gestion-de-flotas\/\"]}]},{\"@type\":\"ImageObject\",\"inLanguage\":\"es\",\"@id\":\"https:\/\/gestacarperitaciones.com\/index.php\/gestion-de-flotas\/#primaryimage\",\"url\":\"https:\/\/gestacarperitaciones.com\/wp-content\/uploads\/2024\/04\/campa-1-1.jpg\",\"contentUrl\":\"https:\/\/gestacarperitaciones.com\/wp-content\/uploads\/2024\/04\/campa-1-1.jpg\",\"width\":667,\"height\":750},{\"@type\":\"BreadcrumbList\",\"@id\":\"https:\/\/gestacarperitaciones.com\/index.php\/gestion-de-flotas\/#breadcrumb\",\"itemListElement\":[{\"@type\":\"ListItem\",\"position\":1,\"name\":\"Portada\",\"item\":\"https:\/\/gestacarperitaciones.com\/\"},{\"@type\":\"ListItem\",\"position\":2,\"name\":\"Gesti\u00f3n de Flotas\"}]},{\"@type\":\"WebSite\",\"@id\":\"https:\/\/gestacarperitaciones.com\/#website\",\"url\":\"https:\/\/gestacarperitaciones.com\/\",\"name\":\"Gestacar Peritaciones\",\"description\":\"Gestacar Peritaciones\",\"publisher\":{\"@id\":\"https:\/\/gestacarperitaciones.com\/#organization\"},\"potentialAction\":[{\"@type\":\"SearchAction\",\"target\":{\"@type\":\"EntryPoint\",\"urlTemplate\":\"https:\/\/gestacarperitaciones.com\/?s={search_term_string}\"},\"query-input\":\"required name=search_term_string\"}],\"inLanguage\":\"es\"},{\"@type\":\"Organization\",\"@id\":\"https:\/\/gestacarperitaciones.com\/#organization\",\"name\":\"Gestacar Peritaciones\",\"url\":\"https:\/\/gestacarperitaciones.com\/\",\"logo\":{\"@type\":\"ImageObject\",\"inLanguage\":\"es\",\"@id\":\"https:\/\/gestacarperitaciones.com\/#\/schema\/logo\/image\/\",\"url\":\"https:\/\/gestacarperitaciones.com\/wp-content\/uploads\/2024\/03\/cropped-LOGO_GESTACAR_DEFINITIVO-negro-sin-fondo.png\",\"contentUrl\":\"https:\/\/gestacarperitaciones.com\/wp-content\/uploads\/2024\/03\/cropped-LOGO_GESTACAR_DEFINITIVO-negro-sin-fondo.png\",\"width\":1079,\"height\":359,\"caption\":\"Gestacar Peritaciones\"},\"image\":{\"@id\":\"https:\/\/gestacarperitaciones.com\/#\/schema\/logo\/image\/\"}}]}<\/script>\n<!-- \/ Yoast SEO plugin. -->","yoast_head_json":{"title":"Gesti\u00f3n de Flotas - Gestacar Peritaciones","description":"Gestacar ofrece soluciones y servicios de gesti\u00f3n de veh\u00edculos y flotas, adapt\u00e1ndose a las tendencias actuales de movilidad y econom\u00eda colaborativa, enfoc\u00e1ndose en ofrecer una atenci\u00f3n al cliente r\u00e1pida y personalizada.","robots":{"index":"index","follow":"follow","max-snippet":"max-snippet:-1","max-image-preview":"max-image-preview:large","max-video-preview":"max-video-preview:-1"},"canonical":"https:\/\/gestacarperitaciones.com\/index.php\/gestion-de-flotas\/","og_locale":"es_ES","og_type":"article","og_title":"Gesti\u00f3n de Flotas - Gestacar Peritaciones","og_description":"Gestacar ofrece soluciones y servicios de gesti\u00f3n de veh\u00edculos y flotas, adapt\u00e1ndose a las tendencias actuales de movilidad y econom\u00eda colaborativa, enfoc\u00e1ndose en ofrecer una atenci\u00f3n al cliente r\u00e1pida y personalizada.","og_url":"https:\/\/gestacarperitaciones.com\/index.php\/gestion-de-flotas\/","og_site_name":"Gestacar Peritaciones","article_modified_time":"2025-08-20T11:11:39+00:00","og_image":[{"url":"https:\/\/gestacarperitaciones.com\/wp-content\/uploads\/2024\/04\/campa-1-1.jpg"}],"twitter_card":"summary_large_image","twitter_misc":{"Tiempo de lectura":"2 minutos"},"schema":{"@context":"https:\/\/schema.org","@graph":[{"@type":"WebPage","@id":"https:\/\/gestacarperitaciones.com\/index.php\/gestion-de-flotas\/","url":"https:\/\/gestacarperitaciones.com\/index.php\/gestion-de-flotas\/","name":"Gesti\u00f3n de Flotas - Gestacar Peritaciones","isPartOf":{"@id":"https:\/\/gestacarperitaciones.com\/#website"},"primaryImageOfPage":{"@id":"https:\/\/gestacarperitaciones.com\/index.php\/gestion-de-flotas\/#primaryimage"},"image":{"@id":"https:\/\/gestacarperitaciones.com\/index.php\/gestion-de-flotas\/#primaryimage"},"thumbnailUrl":"https:\/\/gestacarperitaciones.com\/wp-content\/uploads\/2024\/04\/campa-1-1.jpg","datePublished":"2024-03-26T10:50:41+00:00","dateModified":"2025-08-20T11:11:39+00:00","description":"Gestacar ofrece soluciones y servicios de gesti\u00f3n de veh\u00edculos y flotas, adapt\u00e1ndose a las tendencias actuales de movilidad y econom\u00eda colaborativa, enfoc\u00e1ndose en ofrecer una atenci\u00f3n al cliente r\u00e1pida y personalizada.","breadcrumb":{"@id":"https:\/\/gestacarperitaciones.com\/index.php\/gestion-de-flotas\/#breadcrumb"},"inLanguage":"es","potentialAction":[{"@type":"ReadAction","target":["https:\/\/gestacarperitaciones.com\/index.php\/gestion-de-flotas\/"]}]},{"@type":"ImageObject","inLanguage":"es","@id":"https:\/\/gestacarperitaciones.com\/index.php\/gestion-de-flotas\/#primaryimage","url":"https:\/\/gestacarperitaciones.com\/wp-content\/uploads\/2024\/04\/campa-1-1.jpg","contentUrl":"https:\/\/gestacarperitaciones.com\/wp-content\/uploads\/2024\/04\/campa-1-1.jpg","width":667,"height":750},{"@type":"BreadcrumbList","@id":"https:\/\/gestacarperitaciones.com\/index.php\/gestion-de-flotas\/#breadcrumb","itemListElement":[{"@type":"ListItem","position":1,"name":"Portada","item":"https:\/\/gestacarperitaciones.com\/"},{"@type":"ListItem","position":2,"name":"Gesti\u00f3n de Flotas"}]},{"@type":"WebSite","@id":"https:\/\/gestacarperitaciones.com\/#website","url":"https:\/\/gestacarperitaciones.com\/","name":"Gestacar Peritaciones","description":"Gestacar Peritaciones","publisher":{"@id":"https:\/\/gestacarperitaciones.com\/#organization"},"potentialAction":[{"@type":"SearchAction","target":{"@type":"EntryPoint","urlTemplate":"https:\/\/gestacarperitaciones.com\/?s={search_term_string}"},"query-input":"required name=search_term_string"}],"inLanguage":"es"},{"@type":"Organization","@id":"https:\/\/gestacarperitaciones.com\/#organization","name":"Gestacar Peritaciones","url":"https:\/\/gestacarperitaciones.com\/","logo":{"@type":"ImageObject","inLanguage":"es","@id":"https:\/\/gestacarperitaciones.com\/#\/schema\/logo\/image\/","url":"https:\/\/gestacarperitaciones.com\/wp-content\/uploads\/2024\/03\/cropped-LOGO_GESTACAR_DEFINITIVO-negro-sin-fondo.png","contentUrl":"https:\/\/gestacarperitaciones.com\/wp-content\/uploads\/2024\/03\/cropped-LOGO_GESTACAR_DEFINITIVO-negro-sin-fondo.png","width":1079,"height":359,"caption":"Gestacar Peritaciones"},"image":{"@id":"https:\/\/gestacarperitaciones.com\/#\/schema\/logo\/image\/"}}]}},"_links":{"self":[{"href":"https:\/\/gestacarperitaciones.com\/index.php\/wp-json\/wp\/v2\/pages\/473","targetHints":{"allow":["GET"]}}],"collection":[{"href":"https:\/\/gestacarperitaciones.com\/index.php\/wp-json\/wp\/v2\/pages"}],"about":[{"href":"https:\/\/gestacarperitaciones.com\/index.php\/wp-json\/wp\/v2\/types\/page"}],"author":[{"embeddable":true,"href":"https:\/\/gestacarperitaciones.com\/index.php\/wp-json\/wp\/v2\/users\/2"}],"replies":[{"embeddable":true,"href":"https:\/\/gestacarperitaciones.com\/index.php\/wp-json\/wp\/v2\/comments?post=473"}],"version-history":[{"count":15,"href":"https:\/\/gestacarperitaciones.com\/index.php\/wp-json\/wp\/v2\/pages\/473\/revisions"}],"predecessor-version":[{"id":974,"href":"https:\/\/gestacarperitaciones.com\/index.php\/wp-json\/wp\/v2\/pages\/473\/revisions\/974"}],"wp:attachment":[{"href":"https:\/\/gestacarperitaciones.com\/index.php\/wp-json\/wp\/v2\/media?parent=473"}],"curies":[{"name":"wp","href":"https:\/\/api.w.org\/{rel}","templated":true}]}}