{"id":69,"date":"2020-01-27T08:05:29","date_gmt":"2020-01-27T08:05:29","guid":{"rendered":"https:\/\/demosites.io\/web-agency-gb\/?page_id=69"},"modified":"2025-08-20T11:09:08","modified_gmt":"2025-08-20T11:09:08","slug":"servicios","status":"publish","type":"page","link":"https:\/\/gestacarperitaciones.com\/index.php\/servicios\/","title":{"rendered":"Servicios"},"content":{"rendered":"\n<div class=\"wp-block-cover alignfull\" style=\"min-height:123px;aspect-ratio:unset;\"><span aria-hidden=\"true\" class=\"wp-block-cover__background has-nv-site-bg-background-color has-background-dim-100 has-background-dim\"><\/span><div class=\"wp-block-cover__inner-container is-layout-flow wp-block-cover-is-layout-flow\">\n<div class=\"wp-block-group\"><div class=\"wp-block-group__inner-container is-layout-flow wp-block-group-is-layout-flow\">\n<h2 class=\"wp-block-heading has-text-align-left has-neve-text-color-color has-text-color\">Servicios<\/h2>\n<\/div><\/div>\n<\/div><\/div>\n\n\n\n<div class=\"wp-block-cover alignfull\" style=\"min-height:753px;aspect-ratio:unset;\"><span aria-hidden=\"true\" class=\"wp-block-cover__background has-nv-light-bg-background-color has-background-dim-100 has-background-dim\"><\/span><div class=\"wp-block-cover__inner-container is-layout-flow wp-block-cover-is-layout-flow\">\n<div class=\"wp-block-group\"><div class=\"wp-block-group__inner-container is-layout-flow wp-block-group-is-layout-flow\">\n<div style=\"height:0px\" aria-hidden=\"true\" class=\"wp-block-spacer\"><\/div>\n\n\n\n<div class=\"wp-block-columns is-layout-flex wp-container-core-columns-is-layout-9d6595d7 wp-block-columns-is-layout-flex\">\n<div class=\"wp-block-column is-vertically-aligned-top is-layout-flow wp-block-column-is-layout-flow\" style=\"flex-basis:50%\">\n<div style=\"height:0px\" aria-hidden=\"true\" class=\"wp-block-spacer\"><\/div>\n\n\n<div class=\"wp-block-image\">\n<figure class=\"aligncenter size-large is-resized\"><img fetchpriority=\"high\" decoding=\"async\" width=\"1024\" height=\"683\" src=\"https:\/\/gestacarperitaciones.com\/wp-content\/uploads\/2024\/03\/2-2-1024x683.jpg\" alt=\"\" class=\"wp-image-504\" style=\"width:277px;height:auto\" srcset=\"https:\/\/gestacarperitaciones.com\/wp-content\/uploads\/2024\/03\/2-2-1024x683.jpg 1024w, https:\/\/gestacarperitaciones.com\/wp-content\/uploads\/2024\/03\/2-2-300x200.jpg 300w, https:\/\/gestacarperitaciones.com\/wp-content\/uploads\/2024\/03\/2-2-768x512.jpg 768w, https:\/\/gestacarperitaciones.com\/wp-content\/uploads\/2024\/03\/2-2-1536x1024.jpg 1536w, https:\/\/gestacarperitaciones.com\/wp-content\/uploads\/2024\/03\/2-2-2048x1365.jpg 2048w, https:\/\/gestacarperitaciones.com\/wp-content\/uploads\/2024\/03\/2-2-930x620.jpg 930w\" sizes=\"(max-width: 1024px) 100vw, 1024px\" \/><\/figure>\n<\/div>\n\n\n<div style=\"height:0px\" aria-hidden=\"true\" class=\"wp-block-spacer\"><\/div>\n\n\n\n<h3 class=\"wp-block-heading has-text-align-center has-neve-text-color-color has-text-color\">Peritaciones de Autos<\/h3>\n\n\n\n<p class=\"has-text-align-center has-neve-text-color-color has-text-color\">Expertos profesionales en informes periciales. Gestacar ofrece diferentes servicios de peritaci\u00f3n y tasaci\u00f3n de autom\u00f3viles para diferentes perfiles de cliente.<\/p>\n\n\n\n<div style=\"height:31px\" aria-hidden=\"true\" class=\"wp-block-spacer\"><\/div>\n\n\n\n<div class=\"wp-block-buttons is-content-justification-center is-layout-flex wp-container-core-buttons-is-layout-e1485a7b wp-block-buttons-is-layout-flex\">\n<div class=\"wp-block-button is-style-primary\"><a class=\"wp-block-button__link has-background wp-element-button\" href=\"https:\/\/gestacarperitaciones.com\/index.php\/servicios\/peritaciones-de-autos\/\" style=\"border-width:2px;border-radius:5px;background-color:#3babfa\">M\u00c1S INFORMCI\u00d3N<\/a><\/div>\n<\/div>\n\n\n\n<div style=\"height:1px\" aria-hidden=\"true\" class=\"wp-block-spacer\"><\/div>\n<\/div>\n\n\n\n<div class=\"wp-block-column is-vertically-aligned-top is-layout-flow wp-block-column-is-layout-flow\" style=\"flex-basis:50%\"><div class=\"wp-block-image\">\n<figure class=\"aligncenter size-large is-resized\"><img decoding=\"async\" width=\"1024\" height=\"683\" src=\"https:\/\/gestacarperitaciones.com\/wp-content\/uploads\/2024\/03\/recambios-1-1024x683.jpg\" alt=\"\" class=\"wp-image-506\" style=\"width:277px;height:auto\" srcset=\"https:\/\/gestacarperitaciones.com\/wp-content\/uploads\/2024\/03\/recambios-1-1024x683.jpg 1024w, https:\/\/gestacarperitaciones.com\/wp-content\/uploads\/2024\/03\/recambios-1-300x200.jpg 300w, https:\/\/gestacarperitaciones.com\/wp-content\/uploads\/2024\/03\/recambios-1-768x512.jpg 768w, https:\/\/gestacarperitaciones.com\/wp-content\/uploads\/2024\/03\/recambios-1-1536x1024.jpg 1536w, https:\/\/gestacarperitaciones.com\/wp-content\/uploads\/2024\/03\/recambios-1-2048x1365.jpg 2048w, https:\/\/gestacarperitaciones.com\/wp-content\/uploads\/2024\/03\/recambios-1-930x620.jpg 930w\" sizes=\"(max-width: 1024px) 100vw, 1024px\" \/><\/figure>\n<\/div>\n\n\n<div style=\"height:0px\" aria-hidden=\"true\" class=\"wp-block-spacer\"><\/div>\n\n\n\n<h3 class=\"wp-block-heading has-text-align-center has-neve-text-color-color has-text-color\">Gesti\u00f3n de Recambios<\/h3>\n\n\n\n<p class=\"has-text-align-center has-neve-text-color-color has-text-color\">Gesti\u00f3n integral de recambio con grandes descuentos y m\u00e1xima rapidez en la entrega. Resoluci\u00f3n de incidencias gracias nuestro control desde que sale de fabrica hasta que es montado en el veh\u00edculo.<\/p>\n\n\n\n<div style=\"height:4px\" aria-hidden=\"true\" class=\"wp-block-spacer\"><\/div>\n\n\n\n<div class=\"wp-block-buttons is-content-justification-center is-layout-flex wp-container-core-buttons-is-layout-e1485a7b wp-block-buttons-is-layout-flex\">\n<div class=\"wp-block-button is-style-primary\"><a class=\"wp-block-button__link has-background wp-element-button\" href=\"https:\/\/gestacarperitaciones.com\/index.php\/servicios\/gestion-de-recambios\/\" style=\"border-width:2px;border-radius:5px;background-color:#3babfa\">M\u00c1S INFORMACI\u00d3N<\/a><\/div>\n<\/div>\n<\/div>\n\n\n\n<div class=\"wp-block-column is-vertically-aligned-top is-layout-flow wp-block-column-is-layout-flow\" style=\"flex-basis:50%\"><div class=\"wp-block-image\">\n<figure class=\"aligncenter size-large is-resized\"><img decoding=\"async\" width=\"1024\" height=\"683\" src=\"https:\/\/gestacarperitaciones.com\/wp-content\/uploads\/2024\/03\/flotas-1024x683.jpg\" alt=\"\" class=\"wp-image-507\" style=\"width:277px;height:auto\" srcset=\"https:\/\/gestacarperitaciones.com\/wp-content\/uploads\/2024\/03\/flotas-1024x683.jpg 1024w, https:\/\/gestacarperitaciones.com\/wp-content\/uploads\/2024\/03\/flotas-300x200.jpg 300w, https:\/\/gestacarperitaciones.com\/wp-content\/uploads\/2024\/03\/flotas-768x512.jpg 768w, https:\/\/gestacarperitaciones.com\/wp-content\/uploads\/2024\/03\/flotas-1536x1024.jpg 1536w, https:\/\/gestacarperitaciones.com\/wp-content\/uploads\/2024\/03\/flotas-2048x1365.jpg 2048w, https:\/\/gestacarperitaciones.com\/wp-content\/uploads\/2024\/03\/flotas-930x620.jpg 930w\" sizes=\"(max-width: 1024px) 100vw, 1024px\" \/><\/figure>\n<\/div>\n\n\n<div style=\"height:0px\" aria-hidden=\"true\" class=\"wp-block-spacer\"><\/div>\n\n\n\n<h3 class=\"wp-block-heading has-text-align-center has-neve-text-color-color has-text-color\">Gesti\u00f3n de Flotas<\/h3>\n\n\n\n<p class=\"has-text-align-center has-neve-text-color-color has-text-color\">Peritaciones y servicios personalizados para flotas de veh\u00edculos. Remarketing, siniestros, buyback, validaci\u00f3n, contra peritaciones, reacondicionamiento, protocolos t\u00e9cnicos  y gesti\u00f3nes administrativas. <\/p>\n\n\n\n<div style=\"height:30px\" aria-hidden=\"true\" class=\"wp-block-spacer\"><\/div>\n\n\n\n<div class=\"wp-block-buttons is-content-justification-center is-layout-flex wp-container-core-buttons-is-layout-16018d1d wp-block-buttons-is-layout-flex\">\n<div class=\"wp-block-button is-style-primary\"><a class=\"wp-block-button__link has-background wp-element-button\" href=\"https:\/\/gestacarperitaciones.com\/index.php\/gestion-de-flotas\/\" style=\"border-width:2px;border-radius:5px;background-color:#3babfa\">M\u00c1S INFORMACI\u00d3N<\/a><\/div>\n<\/div>\n\n\n\n<div style=\"height:0px\" aria-hidden=\"true\" class=\"wp-block-spacer\"><\/div>\n<\/div>\n\n\n\n<div class=\"wp-block-column is-vertically-aligned-top is-layout-flow wp-block-column-is-layout-flow\" style=\"flex-basis:50%\"><div class=\"wp-block-image\">\n<figure class=\"aligncenter size-full is-resized\"><img loading=\"lazy\" decoding=\"async\" width=\"734\" height=\"488\" src=\"https:\/\/gestacarperitaciones.com\/wp-content\/uploads\/2025\/02\/Captura-de-pantalla-2025-02-11-142028.png\" alt=\"\" class=\"wp-image-811\" style=\"width:277px;height:auto\" srcset=\"https:\/\/gestacarperitaciones.com\/wp-content\/uploads\/2025\/02\/Captura-de-pantalla-2025-02-11-142028.png 734w, https:\/\/gestacarperitaciones.com\/wp-content\/uploads\/2025\/02\/Captura-de-pantalla-2025-02-11-142028-300x199.png 300w\" sizes=\"(max-width: 734px) 100vw, 734px\" \/><\/figure>\n<\/div>\n\n\n<div style=\"height:0px\" aria-hidden=\"true\" class=\"wp-block-spacer\"><\/div>\n\n\n\n<h3 class=\"wp-block-heading has-text-align-center has-neve-text-color-color has-text-color\">Particulares<\/h3>\n\n\n\n<p class=\"has-text-align-center has-neve-text-color-color has-text-color\">Cu\u00e9ntanos tu caso, lo analizaran nuestros profesionales expertos en automoci\u00f3n y te asesoraran de la mejor manera de actuar seg\u00fan tus necesidades.<\/p>\n\n\n\n<div style=\"height:58px\" aria-hidden=\"true\" class=\"wp-block-spacer\"><\/div>\n\n\n\n<div class=\"wp-block-buttons is-content-justification-center is-layout-flex wp-container-core-buttons-is-layout-e1485a7b wp-block-buttons-is-layout-flex\">\n<div class=\"wp-block-button is-style-primary\"><a class=\"wp-block-button__link has-background wp-element-button\" href=\"https:\/\/gestacarperitaciones.com\/index.php\/peritaciones-alicante\" style=\"border-width:2px;border-radius:5px;background-color:#3babfa\">M\u00c1S INFORMACI\u00d3N<\/a><\/div>\n<\/div>\n\n\n\n<div style=\"height:0px\" aria-hidden=\"true\" class=\"wp-block-spacer\"><\/div>\n<\/div>\n<\/div>\n\n\n\n<div style=\"height:0px\" aria-hidden=\"true\" class=\"wp-block-spacer\"><\/div>\n<\/div><\/div>\n<\/div><\/div>\n\n\n\n<div class=\"wp-block-cover alignfull\" style=\"min-height:86px;aspect-ratio:unset;\"><span aria-hidden=\"true\" class=\"wp-block-cover__background has-nv-dark-bg-background-color has-background-dim-100 has-background-dim\"><\/span><div class=\"wp-block-cover__inner-container is-layout-flow wp-block-cover-is-layout-flow\">\n<div class=\"wp-block-buttons is-content-justification-center is-layout-flex wp-container-core-buttons-is-layout-16018d1d wp-block-buttons-is-layout-flex\">\n<div class=\"wp-block-button is-style-default\"><a class=\"wp-block-button__link wp-element-button\" href=\"https:\/\/gestacarperitaciones.com\/index.php\/contacto\/\" style=\"border-width:2px;border-radius:5px\">HABLA CON NOSOTROS<\/a><\/div>\n<\/div>\n\n\n<div class=\"yoast-breadcrumbs\"><span><span><a href=\"https:\/\/gestacarperitaciones.com\/\">Portada<\/a><\/span> \u00bb <span class=\"breadcrumb_last\" aria-current=\"page\">Servicios<\/span><\/span><\/div><\/div><\/div>\n","protected":false},"excerpt":{"rendered":"","protected":false},"author":2,"featured_media":0,"parent":0,"menu_order":0,"comment_status":"closed","ping_status":"closed","template":"","meta":{"neve_meta_sidebar":"full-width","neve_meta_container":"","neve_meta_enable_content_width":"on","neve_meta_content_width":100,"neve_meta_title_alignment":"","neve_meta_author_avatar":"","neve_post_elements_order":"","neve_meta_disable_header":"","neve_meta_disable_footer":"","neve_meta_disable_title":"on","_themeisle_gutenberg_block_has_review":false,"_ti_tpc_template_sync":false,"_ti_tpc_template_id":"94gtya0n2udx05knf121","footnotes":""},"class_list":["post-69","page","type-page","status-publish","hentry"],"yoast_head":"<!-- This site is optimized with the Yoast SEO plugin v22.3 - https:\/\/yoast.com\/wordpress\/plugins\/seo\/ -->\n<title>Servicios - Gestacar Peritaciones<\/title>\n<meta name=\"robots\" content=\"index, follow, max-snippet:-1, max-image-preview:large, max-video-preview:-1\" \/>\n<link rel=\"canonical\" href=\"https:\/\/gestacarperitaciones.com\/index.php\/servicios\/\" \/>\n<meta property=\"og:locale\" content=\"es_ES\" \/>\n<meta property=\"og:type\" content=\"article\" \/>\n<meta property=\"og:title\" content=\"Servicios - Gestacar Peritaciones\" \/>\n<meta property=\"og:url\" content=\"https:\/\/gestacarperitaciones.com\/index.php\/servicios\/\" \/>\n<meta property=\"og:site_name\" content=\"Gestacar Peritaciones\" \/>\n<meta property=\"article:modified_time\" content=\"2025-08-20T11:09:08+00:00\" \/>\n<meta property=\"og:image\" content=\"https:\/\/gestacarperitaciones.com\/wp-content\/uploads\/2024\/03\/2-2-1024x683.jpg\" \/>\n<meta name=\"twitter:card\" content=\"summary_large_image\" \/>\n<meta name=\"twitter:label1\" content=\"Tiempo de lectura\" \/>\n\t<meta name=\"twitter:data1\" content=\"2 minutos\" \/>\n<script type=\"application\/ld+json\" class=\"yoast-schema-graph\">{\"@context\":\"https:\/\/schema.org\",\"@graph\":[{\"@type\":\"WebPage\",\"@id\":\"https:\/\/gestacarperitaciones.com\/index.php\/servicios\/\",\"url\":\"https:\/\/gestacarperitaciones.com\/index.php\/servicios\/\",\"name\":\"Servicios - Gestacar Peritaciones\",\"isPartOf\":{\"@id\":\"https:\/\/gestacarperitaciones.com\/#website\"},\"primaryImageOfPage\":{\"@id\":\"https:\/\/gestacarperitaciones.com\/index.php\/servicios\/#primaryimage\"},\"image\":{\"@id\":\"https:\/\/gestacarperitaciones.com\/index.php\/servicios\/#primaryimage\"},\"thumbnailUrl\":\"https:\/\/gestacarperitaciones.com\/wp-content\/uploads\/2024\/03\/2-2-1024x683.jpg\",\"datePublished\":\"2020-01-27T08:05:29+00:00\",\"dateModified\":\"2025-08-20T11:09:08+00:00\",\"breadcrumb\":{\"@id\":\"https:\/\/gestacarperitaciones.com\/index.php\/servicios\/#breadcrumb\"},\"inLanguage\":\"es\",\"potentialAction\":[{\"@type\":\"ReadAction\",\"target\":[\"https:\/\/gestacarperitaciones.com\/index.php\/servicios\/\"]}]},{\"@type\":\"ImageObject\",\"inLanguage\":\"es\",\"@id\":\"https:\/\/gestacarperitaciones.com\/index.php\/servicios\/#primaryimage\",\"url\":\"https:\/\/gestacarperitaciones.com\/wp-content\/uploads\/2024\/03\/2-2-scaled.jpg\",\"contentUrl\":\"https:\/\/gestacarperitaciones.com\/wp-content\/uploads\/2024\/03\/2-2-scaled.jpg\",\"width\":2560,\"height\":1707},{\"@type\":\"BreadcrumbList\",\"@id\":\"https:\/\/gestacarperitaciones.com\/index.php\/servicios\/#breadcrumb\",\"itemListElement\":[{\"@type\":\"ListItem\",\"position\":1,\"name\":\"Portada\",\"item\":\"https:\/\/gestacarperitaciones.com\/\"},{\"@type\":\"ListItem\",\"position\":2,\"name\":\"Servicios\"}]},{\"@type\":\"WebSite\",\"@id\":\"https:\/\/gestacarperitaciones.com\/#website\",\"url\":\"https:\/\/gestacarperitaciones.com\/\",\"name\":\"Gestacar Peritaciones\",\"description\":\"Gestacar Peritaciones\",\"publisher\":{\"@id\":\"https:\/\/gestacarperitaciones.com\/#organization\"},\"potentialAction\":[{\"@type\":\"SearchAction\",\"target\":{\"@type\":\"EntryPoint\",\"urlTemplate\":\"https:\/\/gestacarperitaciones.com\/?s={search_term_string}\"},\"query-input\":\"required name=search_term_string\"}],\"inLanguage\":\"es\"},{\"@type\":\"Organization\",\"@id\":\"https:\/\/gestacarperitaciones.com\/#organization\",\"name\":\"Gestacar Peritaciones\",\"url\":\"https:\/\/gestacarperitaciones.com\/\",\"logo\":{\"@type\":\"ImageObject\",\"inLanguage\":\"es\",\"@id\":\"https:\/\/gestacarperitaciones.com\/#\/schema\/logo\/image\/\",\"url\":\"https:\/\/gestacarperitaciones.com\/wp-content\/uploads\/2024\/03\/cropped-LOGO_GESTACAR_DEFINITIVO-negro-sin-fondo.png\",\"contentUrl\":\"https:\/\/gestacarperitaciones.com\/wp-content\/uploads\/2024\/03\/cropped-LOGO_GESTACAR_DEFINITIVO-negro-sin-fondo.png\",\"width\":1079,\"height\":359,\"caption\":\"Gestacar Peritaciones\"},\"image\":{\"@id\":\"https:\/\/gestacarperitaciones.com\/#\/schema\/logo\/image\/\"}}]}<\/script>\n<!-- \/ Yoast SEO plugin. -->","yoast_head_json":{"title":"Servicios - Gestacar Peritaciones","robots":{"index":"index","follow":"follow","max-snippet":"max-snippet:-1","max-image-preview":"max-image-preview:large","max-video-preview":"max-video-preview:-1"},"canonical":"https:\/\/gestacarperitaciones.com\/index.php\/servicios\/","og_locale":"es_ES","og_type":"article","og_title":"Servicios - Gestacar Peritaciones","og_url":"https:\/\/gestacarperitaciones.com\/index.php\/servicios\/","og_site_name":"Gestacar Peritaciones","article_modified_time":"2025-08-20T11:09:08+00:00","og_image":[{"url":"https:\/\/gestacarperitaciones.com\/wp-content\/uploads\/2024\/03\/2-2-1024x683.jpg"}],"twitter_card":"summary_large_image","twitter_misc":{"Tiempo de lectura":"2 minutos"},"schema":{"@context":"https:\/\/schema.org","@graph":[{"@type":"WebPage","@id":"https:\/\/gestacarperitaciones.com\/index.php\/servicios\/","url":"https:\/\/gestacarperitaciones.com\/index.php\/servicios\/","name":"Servicios - Gestacar Peritaciones","isPartOf":{"@id":"https:\/\/gestacarperitaciones.com\/#website"},"primaryImageOfPage":{"@id":"https:\/\/gestacarperitaciones.com\/index.php\/servicios\/#primaryimage"},"image":{"@id":"https:\/\/gestacarperitaciones.com\/index.php\/servicios\/#primaryimage"},"thumbnailUrl":"https:\/\/gestacarperitaciones.com\/wp-content\/uploads\/2024\/03\/2-2-1024x683.jpg","datePublished":"2020-01-27T08:05:29+00:00","dateModified":"2025-08-20T11:09:08+00:00","breadcrumb":{"@id":"https:\/\/gestacarperitaciones.com\/index.php\/servicios\/#breadcrumb"},"inLanguage":"es","potentialAction":[{"@type":"ReadAction","target":["https:\/\/gestacarperitaciones.com\/index.php\/servicios\/"]}]},{"@type":"ImageObject","inLanguage":"es","@id":"https:\/\/gestacarperitaciones.com\/index.php\/servicios\/#primaryimage","url":"https:\/\/gestacarperitaciones.com\/wp-content\/uploads\/2024\/03\/2-2-scaled.jpg","contentUrl":"https:\/\/gestacarperitaciones.com\/wp-content\/uploads\/2024\/03\/2-2-scaled.jpg","width":2560,"height":1707},{"@type":"BreadcrumbList","@id":"https:\/\/gestacarperitaciones.com\/index.php\/servicios\/#breadcrumb","itemListElement":[{"@type":"ListItem","position":1,"name":"Portada","item":"https:\/\/gestacarperitaciones.com\/"},{"@type":"ListItem","position":2,"name":"Servicios"}]},{"@type":"WebSite","@id":"https:\/\/gestacarperitaciones.com\/#website","url":"https:\/\/gestacarperitaciones.com\/","name":"Gestacar Peritaciones","description":"Gestacar Peritaciones","publisher":{"@id":"https:\/\/gestacarperitaciones.com\/#organization"},"potentialAction":[{"@type":"SearchAction","target":{"@type":"EntryPoint","urlTemplate":"https:\/\/gestacarperitaciones.com\/?s={search_term_string}"},"query-input":"required name=search_term_string"}],"inLanguage":"es"},{"@type":"Organization","@id":"https:\/\/gestacarperitaciones.com\/#organization","name":"Gestacar Peritaciones","url":"https:\/\/gestacarperitaciones.com\/","logo":{"@type":"ImageObject","inLanguage":"es","@id":"https:\/\/gestacarperitaciones.com\/#\/schema\/logo\/image\/","url":"https:\/\/gestacarperitaciones.com\/wp-content\/uploads\/2024\/03\/cropped-LOGO_GESTACAR_DEFINITIVO-negro-sin-fondo.png","contentUrl":"https:\/\/gestacarperitaciones.com\/wp-content\/uploads\/2024\/03\/cropped-LOGO_GESTACAR_DEFINITIVO-negro-sin-fondo.png","width":1079,"height":359,"caption":"Gestacar Peritaciones"},"image":{"@id":"https:\/\/gestacarperitaciones.com\/#\/schema\/logo\/image\/"}}]}},"_links":{"self":[{"href":"https:\/\/gestacarperitaciones.com\/index.php\/wp-json\/wp\/v2\/pages\/69","targetHints":{"allow":["GET"]}}],"collection":[{"href":"https:\/\/gestacarperitaciones.com\/index.php\/wp-json\/wp\/v2\/pages"}],"about":[{"href":"https:\/\/gestacarperitaciones.com\/index.php\/wp-json\/wp\/v2\/types\/page"}],"author":[{"embeddable":true,"href":"https:\/\/gestacarperitaciones.com\/index.php\/wp-json\/wp\/v2\/users\/2"}],"replies":[{"embeddable":true,"href":"https:\/\/gestacarperitaciones.com\/index.php\/wp-json\/wp\/v2\/comments?post=69"}],"version-history":[{"count":20,"href":"https:\/\/gestacarperitaciones.com\/index.php\/wp-json\/wp\/v2\/pages\/69\/revisions"}],"predecessor-version":[{"id":971,"href":"https:\/\/gestacarperitaciones.com\/index.php\/wp-json\/wp\/v2\/pages\/69\/revisions\/971"}],"wp:attachment":[{"href":"https:\/\/gestacarperitaciones.com\/index.php\/wp-json\/wp\/v2\/media?parent=69"}],"curies":[{"name":"wp","href":"https:\/\/api.w.org\/{rel}","templated":true}]}}