{"id":691,"date":"2024-04-12T14:32:02","date_gmt":"2024-04-12T14:32:02","guid":{"rendered":"https:\/\/gestacarperitaciones.com\/index.php\/personalizar-cookies\/"},"modified":"2024-04-12T14:32:02","modified_gmt":"2024-04-12T14:32:02","slug":"personalizar-cookies","status":"publish","type":"page","link":"https:\/\/gestacarperitaciones.com\/index.php\/personalizar-cookies\/","title":{"rendered":"Personalizar Cookies"},"content":{"rendered":"\n<div>\n      <div id=\"custom-cookies-eu-label\">\n          El sitio Web https:\/\/gestacarperitaciones.com utiliza cookies propias y de terceros para su correcto funcionamiento y para fines anal\u00edticos. Al hacer clic en el bot\u00f3n Aceptar, acepta el uso de estas tecnolog\u00edas y el procesamiento de sus datos para estos prop\u00f3sitos.          \n\n      <\/div>\n\n      <div id=\"custom-cookies-eu-buttons\" class=\"cookies-eu-buttons\">\n        <button id=\"custom-cookies-eu-reject\" class=\"cookies-eu-reject\">Rechazar<\/button>\n        <button id=\"custom-cookies-eu-accept\" class=\"cookies-eu-accept\">ACEPTAR TODAS LAS COOKIES<\/button><\/div>\n      <\/div>\n\n<br\/>\n<p>\n\tPuedes cambiar tus preferencias de cookies en cualquier momento si vuelves a la p\u00e1gina de Personalizar cookies, a la que puedes acceder a trav\u00e9s del Aviso de cookies. \n<\/p>\n\n<h3>Cookies t\u00e9cnicas<\/h3>\n<p>\n\tSon aquellas que permiten a los usuarios registrados navegar a trav\u00e9s del sitio Web, del \u00e1rea restringida y a utilizar sus diferentes funciones, como por ejemplo, el sistema de comentarios o el buscador y no pueden ser desactivadas.\n<\/p>\n\n<div class=\"custom-cookies-option\">\n  <h3>Cookies de an\u00e1lisis o medici\u00f3n<\/h3>\n  <span>\n    <input type=\"radio\" name=\"cookies-analytics-option\" value=\"true\" class=\"custom-cookies-radio\" data-consent=\"ANLTCS\" id=\"custom-cookies-accept-analytics\" >\n    <label for=\"custom-cookies-accept-analytics\">Activar<\/label>\n    &nbsp;&nbsp;\n    <input type=\"radio\" name=\"cookies-analytics-option\" value=\"false\" class=\"custom-cookies-radio\" data-consent=\"ANLTCS\" id=\"custom-cookies-reject-analytics\" \n    checked>\n    <label for=\"custom-cookies-reject-analytics\">Desactivar<\/label>\n<\/span>\n<\/div>\n\n<p>\n\tSon aquellas que, bien tratadas por el sitio Web o por terceros, permiten cuantificar el n\u00famero de usuarios y as\u00ed realizar la medici\u00f3n y an\u00e1lisis estad\u00edstico de la utilizaci\u00f3n que hacen los usuarios del sitio Web. Para ello se analiza la navegaci\u00f3n que realizas en este sitio Web con el fin de mejorarlo.\n<\/p>\n\n\n","protected":false},"excerpt":{"rendered":"<p>El sitio Web https:\/\/gestacarperitaciones.com utiliza cookies propias y de terceros para su correcto funcionamiento y para fines anal\u00edticos. Al hacer clic en el bot\u00f3n Aceptar, acepta el uso de estas tecnolog\u00edas y el procesamiento de sus datos para estos prop\u00f3sitos. Rechazar ACEPTAR TODAS LAS COOKIES Puedes cambiar tus preferencias de cookies en cualquier momento si&hellip;&nbsp;<a href=\"https:\/\/gestacarperitaciones.com\/index.php\/personalizar-cookies\/\" class=\"\" rel=\"bookmark\">Leer m\u00e1s &raquo;<span class=\"screen-reader-text\">Personalizar Cookies<\/span><\/a><\/p>\n","protected":false},"author":2,"featured_media":0,"parent":0,"menu_order":0,"comment_status":"closed","ping_status":"closed","template":"","meta":{"neve_meta_sidebar":"","neve_meta_container":"","neve_meta_enable_content_width":"","neve_meta_content_width":0,"neve_meta_title_alignment":"","neve_meta_author_avatar":"","neve_post_elements_order":"","neve_meta_disable_header":"","neve_meta_disable_footer":"","neve_meta_disable_title":"","_themeisle_gutenberg_block_has_review":false,"_ti_tpc_template_sync":false,"_ti_tpc_template_id":"","footnotes":""},"class_list":["post-691","page","type-page","status-publish","hentry"],"yoast_head":"<!-- This site is optimized with the Yoast SEO plugin v22.3 - https:\/\/yoast.com\/wordpress\/plugins\/seo\/ -->\n<title>Personalizar Cookies - Gestacar Peritaciones<\/title>\n<meta name=\"robots\" content=\"index, follow, max-snippet:-1, max-image-preview:large, max-video-preview:-1\" \/>\n<link rel=\"canonical\" href=\"https:\/\/gestacarperitaciones.com\/index.php\/personalizar-cookies\/\" \/>\n<meta property=\"og:locale\" content=\"es_ES\" \/>\n<meta property=\"og:type\" content=\"article\" \/>\n<meta property=\"og:title\" content=\"Personalizar Cookies - Gestacar Peritaciones\" \/>\n<meta property=\"og:description\" content=\"El sitio Web https:\/\/gestacarperitaciones.com utiliza cookies propias y de terceros para su correcto funcionamiento y para fines anal\u00edticos. Al hacer clic en el bot\u00f3n Aceptar, acepta el uso de estas tecnolog\u00edas y el procesamiento de sus datos para estos prop\u00f3sitos. Rechazar ACEPTAR TODAS LAS COOKIES Puedes cambiar tus preferencias de cookies en cualquier momento si&hellip;&nbsp;Leer m\u00e1s &raquo;Personalizar Cookies\" \/>\n<meta property=\"og:url\" content=\"https:\/\/gestacarperitaciones.com\/index.php\/personalizar-cookies\/\" \/>\n<meta property=\"og:site_name\" content=\"Gestacar Peritaciones\" \/>\n<meta name=\"twitter:card\" content=\"summary_large_image\" \/>\n<script type=\"application\/ld+json\" class=\"yoast-schema-graph\">{\"@context\":\"https:\/\/schema.org\",\"@graph\":[{\"@type\":\"WebPage\",\"@id\":\"https:\/\/gestacarperitaciones.com\/index.php\/personalizar-cookies\/\",\"url\":\"https:\/\/gestacarperitaciones.com\/index.php\/personalizar-cookies\/\",\"name\":\"Personalizar Cookies - Gestacar Peritaciones\",\"isPartOf\":{\"@id\":\"https:\/\/gestacarperitaciones.com\/#website\"},\"datePublished\":\"2024-04-12T14:32:02+00:00\",\"dateModified\":\"2024-04-12T14:32:02+00:00\",\"breadcrumb\":{\"@id\":\"https:\/\/gestacarperitaciones.com\/index.php\/personalizar-cookies\/#breadcrumb\"},\"inLanguage\":\"es\",\"potentialAction\":[{\"@type\":\"ReadAction\",\"target\":[\"https:\/\/gestacarperitaciones.com\/index.php\/personalizar-cookies\/\"]}]},{\"@type\":\"BreadcrumbList\",\"@id\":\"https:\/\/gestacarperitaciones.com\/index.php\/personalizar-cookies\/#breadcrumb\",\"itemListElement\":[{\"@type\":\"ListItem\",\"position\":1,\"name\":\"Portada\",\"item\":\"https:\/\/gestacarperitaciones.com\/\"},{\"@type\":\"ListItem\",\"position\":2,\"name\":\"Personalizar Cookies\"}]},{\"@type\":\"WebSite\",\"@id\":\"https:\/\/gestacarperitaciones.com\/#website\",\"url\":\"https:\/\/gestacarperitaciones.com\/\",\"name\":\"Gestacar Peritaciones\",\"description\":\"Gestacar Peritaciones\",\"publisher\":{\"@id\":\"https:\/\/gestacarperitaciones.com\/#organization\"},\"potentialAction\":[{\"@type\":\"SearchAction\",\"target\":{\"@type\":\"EntryPoint\",\"urlTemplate\":\"https:\/\/gestacarperitaciones.com\/?s={search_term_string}\"},\"query-input\":\"required name=search_term_string\"}],\"inLanguage\":\"es\"},{\"@type\":\"Organization\",\"@id\":\"https:\/\/gestacarperitaciones.com\/#organization\",\"name\":\"Gestacar Peritaciones\",\"url\":\"https:\/\/gestacarperitaciones.com\/\",\"logo\":{\"@type\":\"ImageObject\",\"inLanguage\":\"es\",\"@id\":\"https:\/\/gestacarperitaciones.com\/#\/schema\/logo\/image\/\",\"url\":\"https:\/\/gestacarperitaciones.com\/wp-content\/uploads\/2024\/03\/cropped-LOGO_GESTACAR_DEFINITIVO-negro-sin-fondo.png\",\"contentUrl\":\"https:\/\/gestacarperitaciones.com\/wp-content\/uploads\/2024\/03\/cropped-LOGO_GESTACAR_DEFINITIVO-negro-sin-fondo.png\",\"width\":1079,\"height\":359,\"caption\":\"Gestacar Peritaciones\"},\"image\":{\"@id\":\"https:\/\/gestacarperitaciones.com\/#\/schema\/logo\/image\/\"}}]}<\/script>\n<!-- \/ Yoast SEO plugin. -->","yoast_head_json":{"title":"Personalizar Cookies - Gestacar Peritaciones","robots":{"index":"index","follow":"follow","max-snippet":"max-snippet:-1","max-image-preview":"max-image-preview:large","max-video-preview":"max-video-preview:-1"},"canonical":"https:\/\/gestacarperitaciones.com\/index.php\/personalizar-cookies\/","og_locale":"es_ES","og_type":"article","og_title":"Personalizar Cookies - Gestacar Peritaciones","og_description":"El sitio Web https:\/\/gestacarperitaciones.com utiliza cookies propias y de terceros para su correcto funcionamiento y para fines anal\u00edticos. Al hacer clic en el bot\u00f3n Aceptar, acepta el uso de estas tecnolog\u00edas y el procesamiento de sus datos para estos prop\u00f3sitos. Rechazar ACEPTAR TODAS LAS COOKIES Puedes cambiar tus preferencias de cookies en cualquier momento si&hellip;&nbsp;Leer m\u00e1s &raquo;Personalizar Cookies","og_url":"https:\/\/gestacarperitaciones.com\/index.php\/personalizar-cookies\/","og_site_name":"Gestacar Peritaciones","twitter_card":"summary_large_image","schema":{"@context":"https:\/\/schema.org","@graph":[{"@type":"WebPage","@id":"https:\/\/gestacarperitaciones.com\/index.php\/personalizar-cookies\/","url":"https:\/\/gestacarperitaciones.com\/index.php\/personalizar-cookies\/","name":"Personalizar Cookies - Gestacar Peritaciones","isPartOf":{"@id":"https:\/\/gestacarperitaciones.com\/#website"},"datePublished":"2024-04-12T14:32:02+00:00","dateModified":"2024-04-12T14:32:02+00:00","breadcrumb":{"@id":"https:\/\/gestacarperitaciones.com\/index.php\/personalizar-cookies\/#breadcrumb"},"inLanguage":"es","potentialAction":[{"@type":"ReadAction","target":["https:\/\/gestacarperitaciones.com\/index.php\/personalizar-cookies\/"]}]},{"@type":"BreadcrumbList","@id":"https:\/\/gestacarperitaciones.com\/index.php\/personalizar-cookies\/#breadcrumb","itemListElement":[{"@type":"ListItem","position":1,"name":"Portada","item":"https:\/\/gestacarperitaciones.com\/"},{"@type":"ListItem","position":2,"name":"Personalizar Cookies"}]},{"@type":"WebSite","@id":"https:\/\/gestacarperitaciones.com\/#website","url":"https:\/\/gestacarperitaciones.com\/","name":"Gestacar Peritaciones","description":"Gestacar Peritaciones","publisher":{"@id":"https:\/\/gestacarperitaciones.com\/#organization"},"potentialAction":[{"@type":"SearchAction","target":{"@type":"EntryPoint","urlTemplate":"https:\/\/gestacarperitaciones.com\/?s={search_term_string}"},"query-input":"required name=search_term_string"}],"inLanguage":"es"},{"@type":"Organization","@id":"https:\/\/gestacarperitaciones.com\/#organization","name":"Gestacar Peritaciones","url":"https:\/\/gestacarperitaciones.com\/","logo":{"@type":"ImageObject","inLanguage":"es","@id":"https:\/\/gestacarperitaciones.com\/#\/schema\/logo\/image\/","url":"https:\/\/gestacarperitaciones.com\/wp-content\/uploads\/2024\/03\/cropped-LOGO_GESTACAR_DEFINITIVO-negro-sin-fondo.png","contentUrl":"https:\/\/gestacarperitaciones.com\/wp-content\/uploads\/2024\/03\/cropped-LOGO_GESTACAR_DEFINITIVO-negro-sin-fondo.png","width":1079,"height":359,"caption":"Gestacar Peritaciones"},"image":{"@id":"https:\/\/gestacarperitaciones.com\/#\/schema\/logo\/image\/"}}]}},"_links":{"self":[{"href":"https:\/\/gestacarperitaciones.com\/index.php\/wp-json\/wp\/v2\/pages\/691","targetHints":{"allow":["GET"]}}],"collection":[{"href":"https:\/\/gestacarperitaciones.com\/index.php\/wp-json\/wp\/v2\/pages"}],"about":[{"href":"https:\/\/gestacarperitaciones.com\/index.php\/wp-json\/wp\/v2\/types\/page"}],"author":[{"embeddable":true,"href":"https:\/\/gestacarperitaciones.com\/index.php\/wp-json\/wp\/v2\/users\/2"}],"replies":[{"embeddable":true,"href":"https:\/\/gestacarperitaciones.com\/index.php\/wp-json\/wp\/v2\/comments?post=691"}],"version-history":[{"count":0,"href":"https:\/\/gestacarperitaciones.com\/index.php\/wp-json\/wp\/v2\/pages\/691\/revisions"}],"wp:attachment":[{"href":"https:\/\/gestacarperitaciones.com\/index.php\/wp-json\/wp\/v2\/media?parent=691"}],"curies":[{"name":"wp","href":"https:\/\/api.w.org\/{rel}","templated":true}]}}